{"id":208,"date":"2024-08-16T07:46:37","date_gmt":"2024-08-16T07:46:37","guid":{"rendered":"https:\/\/ekakovost.si\/?page_id=208"},"modified":"2024-11-05T09:40:13","modified_gmt":"2024-11-05T08:40:13","slug":"brezplacni-spletni-posvet","status":"publish","type":"page","link":"https:\/\/ekakovost.si\/index.php\/brezplacni-spletni-posvet\/","title":{"rendered":"Brezpla\u010dni spletni posvet"},"content":{"rendered":"\n<main id=\"contact\" class=\"wp-block-group is-style-block-section has-custom-whitesmoke-background-color has-background is-layout-flow wp-container-core-group-is-layout-b83f8fda wp-block-group-is-layout-flow\" style=\"padding-top:100px;padding-right:15px;padding-bottom:100px;padding-left:15px\">\n<div class=\"wp-block-columns is-style-default is-layout-flex wp-container-core-columns-is-layout-72401fed wp-block-columns-is-layout-flex\">\n<div class=\"wp-block-column is-layout-flow wp-block-column-is-layout-flow\">\n<div class=\"wp-block-cover is-light is-style-cover-mobile-3\" style=\"border-radius:30px;min-height:100%;aspect-ratio:unset;\"><span aria-hidden=\"true\" class=\"wp-block-cover__background has-custom-transparent-background-color has-background-dim\"><\/span><img data-recalc-dims=\"1\" decoding=\"async\" class=\"wp-block-cover__image-background\" alt=\"\" src=\"https:\/\/i0.wp.com\/ekakovost.si\/wp-content\/themes\/wira-business\/assets\/images\/laptop-desk-computer-macbook-writing-typing-1067984-pxhere.webp?ssl=1\" data-object-fit=\"cover\"\/><div class=\"wp-block-cover__inner-container has-global-padding is-layout-constrained wp-block-cover-is-layout-constrained\">\n<div style=\"height:50px\" aria-hidden=\"true\" class=\"wp-block-spacer\"><\/div>\n<\/div><\/div>\n<\/div>\n\n\n\n<div class=\"wp-block-column is-vertically-aligned-center wirawp-spacing-ptb-3 is-layout-flow wp-container-core-column-is-layout-3ca914a4 wp-block-column-is-layout-flow\">\n<div class=\"wp-block-group has-global-padding is-layout-constrained wp-container-core-group-is-layout-bdcbbb17 wp-block-group-is-layout-constrained\">\n<h3 class=\"wp-block-heading has-heading-l-font-size\">Izkoristi prilo\u017enost in pridobi ve\u010d informacij o na\u0161ih storitvah.<\/h3>\n\n\n\n<p>Izpolni obrazec in kontaktirali vas bomo, da si rezervirate brezpla\u010dni 30 minutni spletni posvet.  Odkrijte konkretne prilo\u017enosti za rast in izbolj\u0161anje va\u0161ih procesov.<\/p>\n\n\n\n<p>Ne zamudite prilo\u017enosti in prejmite vrednostni bon za prvo sodelovanje z nami.<\/p>\n<\/div>\n\n\n\n<div class=\"wp-block-group has-global-padding is-layout-constrained wp-container-core-group-is-layout-dadd0ff5 wp-block-group-is-layout-constrained\">\n<div class=\"wp-block-columns are-vertically-aligned-center is-style-default is-layout-flex wp-container-core-columns-is-layout-102ac3f6 wp-block-columns-is-layout-flex\" style=\"padding-top:0px;padding-right:0;padding-bottom:0px;padding-left:0\">\n<div class=\"wp-block-column is-layout-flow wp-block-column-is-layout-flow\">\n<div class=\"wp-block-contact-form-7-contact-form-selector\">\n<div class=\"wpcf7 no-js\" id=\"wpcf7-f207-o1\" lang=\"en-US\" dir=\"ltr\" data-wpcf7-id=\"207\">\n<div class=\"screen-reader-response\"><p role=\"status\" aria-live=\"polite\" aria-atomic=\"true\"><\/p> <ul><\/ul><\/div>\n<form action=\"\/index.php\/wp-json\/wp\/v2\/pages\/208#wpcf7-f207-o1\" method=\"post\" class=\"wpcf7-form init\" aria-label=\"Contact form\" novalidate=\"novalidate\" data-status=\"init\">\n<fieldset class=\"hidden-fields-container\"><input type=\"hidden\" name=\"_wpcf7\" value=\"207\" \/><input type=\"hidden\" name=\"_wpcf7_version\" value=\"6.1.5\" \/><input type=\"hidden\" name=\"_wpcf7_locale\" value=\"en_US\" \/><input type=\"hidden\" name=\"_wpcf7_unit_tag\" value=\"wpcf7-f207-o1\" \/><input type=\"hidden\" name=\"_wpcf7_container_post\" value=\"0\" \/><input type=\"hidden\" name=\"_wpcf7_posted_data_hash\" value=\"\" \/><input type=\"hidden\" name=\"_wpcf7_recaptcha_response\" value=\"\" \/>\n<\/fieldset>\n<p><label> Ime<br \/>\n<span class=\"wpcf7-form-control-wrap\" data-name=\"your-name\"><input size=\"40\" maxlength=\"400\" class=\"wpcf7-form-control wpcf7-text wpcf7-validates-as-required\" autocomplete=\"name\" aria-required=\"true\" aria-invalid=\"false\" value=\"\" type=\"text\" name=\"your-name\" \/><\/span> <\/label>\n<\/p>\n<p><label> Telefonska \u0161tevilka<br \/>\n<span class=\"wpcf7-form-control-wrap\" data-name=\"your-tel\"><input size=\"40\" maxlength=\"400\" class=\"wpcf7-form-control wpcf7-tel wpcf7-validates-as-required wpcf7-text wpcf7-validates-as-tel\" autocomplete=\"tel\" aria-required=\"true\" aria-invalid=\"false\" value=\"\" type=\"tel\" name=\"your-tel\" \/><\/span> <\/label>\n<\/p>\n<p><label> Elektronski naslov<br \/>\n<span class=\"wpcf7-form-control-wrap\" data-name=\"your-email\"><input size=\"40\" maxlength=\"400\" class=\"wpcf7-form-control wpcf7-email wpcf7-validates-as-required wpcf7-text wpcf7-validates-as-email\" autocomplete=\"email\" aria-required=\"true\" aria-invalid=\"false\" value=\"\" type=\"email\" name=\"your-email\" \/><\/span> <\/label>\n<\/p>\n<p><label> Sporo\u010dilo<br \/>\n<span class=\"wpcf7-form-control-wrap\" data-name=\"your-message\"><textarea cols=\"40\" rows=\"10\" maxlength=\"2000\" class=\"wpcf7-form-control wpcf7-textarea\" aria-invalid=\"false\" name=\"your-message\"><\/textarea><\/span> <\/label>\n<\/p>\n<p><input class=\"wpcf7-form-control wpcf7-submit has-spinner\" type=\"submit\" value=\"Prijava na spletni posvet\" \/>\n<\/p><p style=\"display: none !important;\" class=\"akismet-fields-container\" data-prefix=\"_wpcf7_ak_\"><label>&#916;<textarea name=\"_wpcf7_ak_hp_textarea\" cols=\"45\" rows=\"8\" maxlength=\"100\"><\/textarea><\/label><input type=\"hidden\" id=\"ak_js_1\" name=\"_wpcf7_ak_js\" value=\"248\"\/><script data-jetpack-boost=\"ignore\">\ndocument.getElementById( \"ak_js_1\" ).setAttribute( \"value\", ( new Date() ).getTime() );\n<\/script>\n<\/p><div class=\"wpcf7-response-output\" aria-hidden=\"true\"><\/div>\n<\/form>\n<\/div>\n<\/div>\n<\/div>\n<\/div>\n<\/div>\n<\/div>\n<\/div>\n<\/main>\n<div class=\"social-share-buttons\"><a class=\"wirawp-stack-small\" href=\"https:\/\/www.facebook.com\/sharer\/sharer.php?u=https:\/\/ekakovost.si\/index.php\/brezplacni-spletni-posvet\/\" target=\"_blank\" rel=\"noopener\">\uf39e<\/a><a class=\"wirawp-stack-small\" href=\"https:\/\/twitter.com\/intent\/tweet?url=https:\/\/ekakovost.si\/index.php\/brezplacni-spletni-posvet\/&text=Brezpla%C4%8Dni+spletni+posvet\" target=\"_blank\" rel=\"noopener\">\uf099<\/a><a class=\"wirawp-stack-small\" href=\"https:\/\/www.linkedin.com\/shareArticle?url=https:\/\/ekakovost.si\/index.php\/brezplacni-spletni-posvet\/&title=Brezpla%C4%8Dni+spletni+posvet\" target=\"_blank\" rel=\"noopener\">\uf0e1<\/a><a class=\"wirawp-stack-small\" href=\"https:\/\/pinterest.com\/pin\/create\/button\/?url=https:\/\/ekakovost.si\/index.php\/brezplacni-spletni-posvet\/&description=Brezpla%C4%8Dni+spletni+posvet\" target=\"_blank\" rel=\"noopener\">\uf231<\/a><\/div>","protected":false},"excerpt":{"rendered":"<p>Izkoristi prilo\u017enost in pridobi ve\u010d informacij o na\u0161ih storitvah. Izpolni obrazec in kontaktirali vas bomo, da si rezervirate brezpla\u010dni 30 minutni spletni posvet. Odkrijte konkretne prilo\u017enosti za rast in izbolj\u0161anje va\u0161ih procesov. Ne zamudite prilo\u017enosti in prejmite vrednostni bon za prvo sodelovanje z nami. \uf39e\uf099\uf0e1\uf231<\/p>\n","protected":false},"author":1,"featured_media":0,"parent":0,"menu_order":0,"comment_status":"closed","ping_status":"closed","template":"","meta":{"footnotes":""},"class_list":["post-208","page","type-page","status-publish","hentry"],"yoast_head":"<!-- This site is optimized with the Yoast SEO plugin v27.6 - https:\/\/yoast.com\/product\/yoast-seo-wordpress\/ -->\n<title>Brezpla\u010dni spletni posvet - E-kakovost<\/title>\n<meta name=\"robots\" content=\"index, follow, max-snippet:-1, max-image-preview:large, max-video-preview:-1\" \/>\n<link rel=\"canonical\" href=\"https:\/\/ekakovost.si\/index.php\/brezplacni-spletni-posvet\/\" \/>\n<meta property=\"og:locale\" content=\"sl_SI\" \/>\n<meta property=\"og:type\" content=\"article\" \/>\n<meta property=\"og:title\" content=\"Brezpla\u010dni spletni posvet - E-kakovost\" \/>\n<meta property=\"og:description\" content=\"Izkoristi prilo\u017enost in pridobi ve\u010d informacij o na\u0161ih storitvah. Izpolni obrazec in kontaktirali vas bomo, da si rezervirate brezpla\u010dni 30 minutni spletni posvet. Odkrijte konkretne prilo\u017enosti za rast in izbolj\u0161anje va\u0161ih procesov. Ne zamudite prilo\u017enosti in prejmite vrednostni bon za prvo sodelovanje z nami. \uf39e\uf099\uf0e1\uf231\" \/>\n<meta property=\"og:url\" content=\"https:\/\/ekakovost.si\/index.php\/brezplacni-spletni-posvet\/\" \/>\n<meta property=\"og:site_name\" content=\"E-kakovost\" \/>\n<meta property=\"article:modified_time\" content=\"2024-11-05T08:40:13+00:00\" \/>\n<meta property=\"og:image\" content=\"https:\/\/ekakovost.si\/wp-content\/themes\/wira-business\/assets\/images\/laptop-desk-computer-macbook-writing-typing-1067984-pxhere.webp\" \/>\n<meta name=\"twitter:card\" content=\"summary_large_image\" \/>\n<meta name=\"twitter:label1\" content=\"Est. reading time\" \/>\n\t<meta name=\"twitter:data1\" content=\"1 minuta\" \/>\n<script type=\"application\/ld+json\" class=\"yoast-schema-graph\">{\"@context\":\"https:\\\/\\\/schema.org\",\"@graph\":[{\"@type\":\"WebPage\",\"@id\":\"https:\\\/\\\/ekakovost.si\\\/index.php\\\/brezplacni-spletni-posvet\\\/\",\"url\":\"https:\\\/\\\/ekakovost.si\\\/index.php\\\/brezplacni-spletni-posvet\\\/\",\"name\":\"Brezpla\u010dni spletni posvet - E-kakovost\",\"isPartOf\":{\"@id\":\"https:\\\/\\\/ekakovost.si\\\/#website\"},\"primaryImageOfPage\":{\"@id\":\"https:\\\/\\\/ekakovost.si\\\/index.php\\\/brezplacni-spletni-posvet\\\/#primaryimage\"},\"image\":{\"@id\":\"https:\\\/\\\/ekakovost.si\\\/index.php\\\/brezplacni-spletni-posvet\\\/#primaryimage\"},\"thumbnailUrl\":\"https:\\\/\\\/ekakovost.si\\\/wp-content\\\/themes\\\/wira-business\\\/assets\\\/images\\\/laptop-desk-computer-macbook-writing-typing-1067984-pxhere.webp\",\"datePublished\":\"2024-08-16T07:46:37+00:00\",\"dateModified\":\"2024-11-05T08:40:13+00:00\",\"breadcrumb\":{\"@id\":\"https:\\\/\\\/ekakovost.si\\\/index.php\\\/brezplacni-spletni-posvet\\\/#breadcrumb\"},\"inLanguage\":\"sl-SI\",\"potentialAction\":[{\"@type\":\"ReadAction\",\"target\":[\"https:\\\/\\\/ekakovost.si\\\/index.php\\\/brezplacni-spletni-posvet\\\/\"]}]},{\"@type\":\"ImageObject\",\"inLanguage\":\"sl-SI\",\"@id\":\"https:\\\/\\\/ekakovost.si\\\/index.php\\\/brezplacni-spletni-posvet\\\/#primaryimage\",\"url\":\"https:\\\/\\\/ekakovost.si\\\/wp-content\\\/themes\\\/wira-business\\\/assets\\\/images\\\/laptop-desk-computer-macbook-writing-typing-1067984-pxhere.webp\",\"contentUrl\":\"https:\\\/\\\/ekakovost.si\\\/wp-content\\\/themes\\\/wira-business\\\/assets\\\/images\\\/laptop-desk-computer-macbook-writing-typing-1067984-pxhere.webp\"},{\"@type\":\"BreadcrumbList\",\"@id\":\"https:\\\/\\\/ekakovost.si\\\/index.php\\\/brezplacni-spletni-posvet\\\/#breadcrumb\",\"itemListElement\":[{\"@type\":\"ListItem\",\"position\":1,\"name\":\"Home\",\"item\":\"https:\\\/\\\/ekakovost.si\\\/\"},{\"@type\":\"ListItem\",\"position\":2,\"name\":\"Brezpla\u010dni spletni posvet\"}]},{\"@type\":\"WebSite\",\"@id\":\"https:\\\/\\\/ekakovost.si\\\/#website\",\"url\":\"https:\\\/\\\/ekakovost.si\\\/\",\"name\":\"E-kakovost\",\"description\":\"Ker kakovost \u0161teje.\",\"publisher\":{\"@id\":\"https:\\\/\\\/ekakovost.si\\\/#organization\"},\"potentialAction\":[{\"@type\":\"SearchAction\",\"target\":{\"@type\":\"EntryPoint\",\"urlTemplate\":\"https:\\\/\\\/ekakovost.si\\\/?s={search_term_string}\"},\"query-input\":{\"@type\":\"PropertyValueSpecification\",\"valueRequired\":true,\"valueName\":\"search_term_string\"}}],\"inLanguage\":\"sl-SI\"},{\"@type\":\"Organization\",\"@id\":\"https:\\\/\\\/ekakovost.si\\\/#organization\",\"name\":\"E-kakovost\",\"url\":\"https:\\\/\\\/ekakovost.si\\\/\",\"logo\":{\"@type\":\"ImageObject\",\"inLanguage\":\"sl-SI\",\"@id\":\"https:\\\/\\\/ekakovost.si\\\/#\\\/schema\\\/logo\\\/image\\\/\",\"url\":\"https:\\\/\\\/i0.wp.com\\\/ekakovost.si\\\/wp-content\\\/uploads\\\/2024\\\/07\\\/E-KAKOVOST-logo-splet.png?fit=1183%2C1116&ssl=1&wsr\",\"contentUrl\":\"https:\\\/\\\/i0.wp.com\\\/ekakovost.si\\\/wp-content\\\/uploads\\\/2024\\\/07\\\/E-KAKOVOST-logo-splet.png?fit=1183%2C1116&ssl=1&wsr\",\"width\":1183,\"height\":1116,\"caption\":\"E-kakovost\"},\"image\":{\"@id\":\"https:\\\/\\\/ekakovost.si\\\/#\\\/schema\\\/logo\\\/image\\\/\"},\"sameAs\":[\"https:\\\/\\\/www.linkedin.com\\\/company\\\/ekakovost\\\/\"]}]}<\/script>\n<!-- \/ Yoast SEO plugin. -->","yoast_head_json":{"title":"Brezpla\u010dni spletni posvet - E-kakovost","robots":{"index":"index","follow":"follow","max-snippet":"max-snippet:-1","max-image-preview":"max-image-preview:large","max-video-preview":"max-video-preview:-1"},"canonical":"https:\/\/ekakovost.si\/index.php\/brezplacni-spletni-posvet\/","og_locale":"sl_SI","og_type":"article","og_title":"Brezpla\u010dni spletni posvet - E-kakovost","og_description":"Izkoristi prilo\u017enost in pridobi ve\u010d informacij o na\u0161ih storitvah. Izpolni obrazec in kontaktirali vas bomo, da si rezervirate brezpla\u010dni 30 minutni spletni posvet. Odkrijte konkretne prilo\u017enosti za rast in izbolj\u0161anje va\u0161ih procesov. Ne zamudite prilo\u017enosti in prejmite vrednostni bon za prvo sodelovanje z nami. \uf39e\uf099\uf0e1\uf231","og_url":"https:\/\/ekakovost.si\/index.php\/brezplacni-spletni-posvet\/","og_site_name":"E-kakovost","article_modified_time":"2024-11-05T08:40:13+00:00","og_image":[{"url":"https:\/\/ekakovost.si\/wp-content\/themes\/wira-business\/assets\/images\/laptop-desk-computer-macbook-writing-typing-1067984-pxhere.webp","type":"","width":"","height":""}],"twitter_card":"summary_large_image","twitter_misc":{"Est. reading time":"1 minuta"},"schema":{"@context":"https:\/\/schema.org","@graph":[{"@type":"WebPage","@id":"https:\/\/ekakovost.si\/index.php\/brezplacni-spletni-posvet\/","url":"https:\/\/ekakovost.si\/index.php\/brezplacni-spletni-posvet\/","name":"Brezpla\u010dni spletni posvet - E-kakovost","isPartOf":{"@id":"https:\/\/ekakovost.si\/#website"},"primaryImageOfPage":{"@id":"https:\/\/ekakovost.si\/index.php\/brezplacni-spletni-posvet\/#primaryimage"},"image":{"@id":"https:\/\/ekakovost.si\/index.php\/brezplacni-spletni-posvet\/#primaryimage"},"thumbnailUrl":"https:\/\/ekakovost.si\/wp-content\/themes\/wira-business\/assets\/images\/laptop-desk-computer-macbook-writing-typing-1067984-pxhere.webp","datePublished":"2024-08-16T07:46:37+00:00","dateModified":"2024-11-05T08:40:13+00:00","breadcrumb":{"@id":"https:\/\/ekakovost.si\/index.php\/brezplacni-spletni-posvet\/#breadcrumb"},"inLanguage":"sl-SI","potentialAction":[{"@type":"ReadAction","target":["https:\/\/ekakovost.si\/index.php\/brezplacni-spletni-posvet\/"]}]},{"@type":"ImageObject","inLanguage":"sl-SI","@id":"https:\/\/ekakovost.si\/index.php\/brezplacni-spletni-posvet\/#primaryimage","url":"https:\/\/ekakovost.si\/wp-content\/themes\/wira-business\/assets\/images\/laptop-desk-computer-macbook-writing-typing-1067984-pxhere.webp","contentUrl":"https:\/\/ekakovost.si\/wp-content\/themes\/wira-business\/assets\/images\/laptop-desk-computer-macbook-writing-typing-1067984-pxhere.webp"},{"@type":"BreadcrumbList","@id":"https:\/\/ekakovost.si\/index.php\/brezplacni-spletni-posvet\/#breadcrumb","itemListElement":[{"@type":"ListItem","position":1,"name":"Home","item":"https:\/\/ekakovost.si\/"},{"@type":"ListItem","position":2,"name":"Brezpla\u010dni spletni posvet"}]},{"@type":"WebSite","@id":"https:\/\/ekakovost.si\/#website","url":"https:\/\/ekakovost.si\/","name":"E-kakovost","description":"Ker kakovost \u0161teje.","publisher":{"@id":"https:\/\/ekakovost.si\/#organization"},"potentialAction":[{"@type":"SearchAction","target":{"@type":"EntryPoint","urlTemplate":"https:\/\/ekakovost.si\/?s={search_term_string}"},"query-input":{"@type":"PropertyValueSpecification","valueRequired":true,"valueName":"search_term_string"}}],"inLanguage":"sl-SI"},{"@type":"Organization","@id":"https:\/\/ekakovost.si\/#organization","name":"E-kakovost","url":"https:\/\/ekakovost.si\/","logo":{"@type":"ImageObject","inLanguage":"sl-SI","@id":"https:\/\/ekakovost.si\/#\/schema\/logo\/image\/","url":"https:\/\/i0.wp.com\/ekakovost.si\/wp-content\/uploads\/2024\/07\/E-KAKOVOST-logo-splet.png?fit=1183%2C1116&ssl=1&wsr","contentUrl":"https:\/\/i0.wp.com\/ekakovost.si\/wp-content\/uploads\/2024\/07\/E-KAKOVOST-logo-splet.png?fit=1183%2C1116&ssl=1&wsr","width":1183,"height":1116,"caption":"E-kakovost"},"image":{"@id":"https:\/\/ekakovost.si\/#\/schema\/logo\/image\/"},"sameAs":["https:\/\/www.linkedin.com\/company\/ekakovost\/"]}]}},"_links":{"self":[{"href":"https:\/\/ekakovost.si\/index.php\/wp-json\/wp\/v2\/pages\/208","targetHints":{"allow":["GET"]}}],"collection":[{"href":"https:\/\/ekakovost.si\/index.php\/wp-json\/wp\/v2\/pages"}],"about":[{"href":"https:\/\/ekakovost.si\/index.php\/wp-json\/wp\/v2\/types\/page"}],"author":[{"embeddable":true,"href":"https:\/\/ekakovost.si\/index.php\/wp-json\/wp\/v2\/users\/1"}],"replies":[{"embeddable":true,"href":"https:\/\/ekakovost.si\/index.php\/wp-json\/wp\/v2\/comments?post=208"}],"version-history":[{"count":5,"href":"https:\/\/ekakovost.si\/index.php\/wp-json\/wp\/v2\/pages\/208\/revisions"}],"predecessor-version":[{"id":909,"href":"https:\/\/ekakovost.si\/index.php\/wp-json\/wp\/v2\/pages\/208\/revisions\/909"}],"wp:attachment":[{"href":"https:\/\/ekakovost.si\/index.php\/wp-json\/wp\/v2\/media?parent=208"}],"curies":[{"name":"wp","href":"https:\/\/api.w.org\/{rel}","templated":true}]}}